{"id":28,"date":"2016-02-07T17:27:00","date_gmt":"2016-02-07T16:27:00","guid":{"rendered":"http:\/\/yakagrimper.fr\/?page_id=28"},"modified":"2016-10-02T10:33:59","modified_gmt":"2016-10-02T09:33:59","slug":"le-club","status":"publish","type":"page","link":"https:\/\/yakagrimper.fr\/","title":{"rendered":"Le club"},"content":{"rendered":"<p><img decoding=\"async\" loading=\"lazy\" class=\"alignleft size-medium wp-image-42\" src=\"https:\/\/yakagrimper.fr\/wp-content\/uploads\/2016\/02\/cropped-New-logo-2-300x135.jpg\" alt=\"cropped-New-logo-2.jpg\" width=\"300\" height=\"135\" srcset=\"https:\/\/yakagrimper.fr\/wp-content\/uploads\/2016\/02\/cropped-New-logo-2-300x135.jpg 300w, https:\/\/yakagrimper.fr\/wp-content\/uploads\/2016\/02\/cropped-New-logo-2-768x347.jpg 768w, https:\/\/yakagrimper.fr\/wp-content\/uploads\/2016\/02\/cropped-New-logo-2-1024x462.jpg 1024w, https:\/\/yakagrimper.fr\/wp-content\/uploads\/2016\/02\/cropped-New-logo-2-100x45.jpg 100w, https:\/\/yakagrimper.fr\/wp-content\/uploads\/2016\/02\/cropped-New-logo-2-150x68.jpg 150w, https:\/\/yakagrimper.fr\/wp-content\/uploads\/2016\/02\/cropped-New-logo-2-200x90.jpg 200w, https:\/\/yakagrimper.fr\/wp-content\/uploads\/2016\/02\/cropped-New-logo-2-450x203.jpg 450w, https:\/\/yakagrimper.fr\/wp-content\/uploads\/2016\/02\/cropped-New-logo-2-600x271.jpg 600w, https:\/\/yakagrimper.fr\/wp-content\/uploads\/2016\/02\/cropped-New-logo-2-900x406.jpg 900w, https:\/\/yakagrimper.fr\/wp-content\/uploads\/2016\/02\/cropped-New-logo-2.jpg 1334w\" sizes=\"(max-width: 300px) 100vw, 300px\" \/>N\u00e9 de la passion commune de Cyril DUFRAIX alias \u00ab\u00a0Le Pr\u00e9z\u00a0\u00bb, Benjamin RIBO alias \u00ab\u00a0Picsou\u00a0\u00bb et Guillaume PLOUVIN alias \u00ab\u00a0Le Geek\u00a0\u00bb, Yakagrimper se veut un club d&rsquo;escalade permettant \u00e0 chacun de grimper dans une ambiance d\u00e9contract\u00e9e et sans prise de t\u00eate.<\/p>\n<p>M\u00e9langeant sorties en terrain naturel et en salle, organisation de comp\u00e9titions et \u00e9v\u00e9nements festifs, nous tentons de concilier la bonne humeur et le s\u00e9rieux n\u00e9cessaire \u00e0 la pratique de l&rsquo;escalade.<\/p>\n<p>Nos membres venant de diff\u00e9rents horizons offrent au club une vision large de l&rsquo;escalade.<\/p>\n<p>Si vous d\u00e9sirez nous rejoindre, envoyez un courriel \u00e0 l&rsquo;un de nos membres du bureau :<\/p>\n<p><a href=\"mailto:cyril.dufraix@gmail.com\">Cyril DUFRAIX<\/a><\/p>\n<p><a href=\"mailto:benjeribo@orange.fr\">Benjamin RIBO<\/a><\/p>\n","protected":false},"excerpt":{"rendered":"<p>N\u00e9 de la passion commune de Cyril DUFRAIX alias \u00ab\u00a0Le Pr\u00e9z\u00a0\u00bb, Benjamin RIBO alias \u00ab\u00a0Picsou\u00a0\u00bb et Guillaume PLOUVIN alias \u00ab\u00a0Le Geek\u00a0\u00bb, Yakagrimper se veut un club d&rsquo;escalade permettant \u00e0 chacun de grimper dans une ambiance d\u00e9contract\u00e9e et sans prise de &hellip;<\/p>\n<p class=\"read-more\"> <a class=\"more-link\" href=\"https:\/\/yakagrimper.fr\/\"> <span class=\"screen-reader-text\">Le club<\/span> Read More &raquo;<\/a><\/p>\n","protected":false},"author":1,"featured_media":0,"parent":0,"menu_order":0,"comment_status":"closed","ping_status":"closed","template":"","meta":{"footnotes":""},"_links":{"self":[{"href":"https:\/\/yakagrimper.fr\/index.php\/wp-json\/wp\/v2\/pages\/28"}],"collection":[{"href":"https:\/\/yakagrimper.fr\/index.php\/wp-json\/wp\/v2\/pages"}],"about":[{"href":"https:\/\/yakagrimper.fr\/index.php\/wp-json\/wp\/v2\/types\/page"}],"author":[{"embeddable":true,"href":"https:\/\/yakagrimper.fr\/index.php\/wp-json\/wp\/v2\/users\/1"}],"replies":[{"embeddable":true,"href":"https:\/\/yakagrimper.fr\/index.php\/wp-json\/wp\/v2\/comments?post=28"}],"version-history":[{"count":5,"href":"https:\/\/yakagrimper.fr\/index.php\/wp-json\/wp\/v2\/pages\/28\/revisions"}],"predecessor-version":[{"id":56,"href":"https:\/\/yakagrimper.fr\/index.php\/wp-json\/wp\/v2\/pages\/28\/revisions\/56"}],"wp:attachment":[{"href":"https:\/\/yakagrimper.fr\/index.php\/wp-json\/wp\/v2\/media?parent=28"}],"curies":[{"name":"wp","href":"https:\/\/api.w.org\/{rel}","templated":true}]}}